{"id":2063,"date":"2023-03-16T19:37:06","date_gmt":"2023-03-16T18:37:06","guid":{"rendered":"https:\/\/kmirandajacome.eleves.mediamatique.ch\/WORDPRESS\/wordpress\/?page_id=2063"},"modified":"2023-03-21T13:48:46","modified_gmt":"2023-03-21T12:48:46","slug":"prestations","status":"publish","type":"page","link":"http:\/\/kmirandajacome.eleves.mediamatique.ch\/WORDPRESS\/wordpress\/prestations\/","title":{"rendered":"Prestations"},"content":{"rendered":"<h1>Nos Prestations<br \/><\/h1>\n<h2>d\u00e9couvrez nos diff\u00e9rentes prestations ci-dessous<\/h2>\n<p>\t\t<a data-text=\"Go\" href=\"#services\"><br \/>\n\t\t\t\t\t\t\t\t\t<svg viewBox=\"0 0 320 512\" xmlns=\"http:\/\/www.w3.org\/2000\/svg\"><path d=\"M143 352.3L7 216.3c-9.4-9.4-9.4-24.6 0-33.9l22.6-22.6c9.4-9.4 24.6-9.4 33.9 0l96.4 96.4 96.4-96.4c9.4-9.4 24.6-9.4 33.9 0l22.6 22.6c9.4 9.4 9.4 24.6 0 33.9l-136 136c-9.2 9.4-24.4 9.4-33.8 0z\"><\/path><\/svg><br \/>\n\t\t<\/a><\/p>\n<h2>les Services<\/h2>\n<p>\t\t\t\t\t\t\t\t\t\t\t\t\t\t\t<img decoding=\"async\" src=\"http:\/\/kmirandajacome.eleves.mediamatique.ch\/WORDPRESS\/wordpress\/wp-content\/uploads\/2023\/03\/maintenance-1-1.png\" title=\"\" alt=\"\" loading=\"lazy\" \/>\t\t\t\t\t\t\t\t\t\t\t\t\t\t\t<\/p>\n<h2>Carrosserie<\/h2>\n<p>Devis gratuit,<br \/>\u200boutillage moderne ouvriers qualifi\u00e9s<\/p>\n<p>\t\t\t\t\t\t\t\t\t\t\t\t\t\t\t<img decoding=\"async\" width=\"512\" height=\"512\" src=\"http:\/\/kmirandajacome.eleves.mediamatique.ch\/WORDPRESS\/wordpress\/wp-content\/uploads\/2023\/03\/car-painting.png\" alt=\"\" loading=\"lazy\" srcset=\"http:\/\/kmirandajacome.eleves.mediamatique.ch\/WORDPRESS\/wordpress\/wp-content\/uploads\/2023\/03\/car-painting.png 512w, http:\/\/kmirandajacome.eleves.mediamatique.ch\/WORDPRESS\/wordpress\/wp-content\/uploads\/2023\/03\/car-painting-300x300.png 300w, http:\/\/kmirandajacome.eleves.mediamatique.ch\/WORDPRESS\/wordpress\/wp-content\/uploads\/2023\/03\/car-painting-150x150.png 150w\" sizes=\"(max-width: 512px) 100vw, 512px\" \/>\t\t\t\t\t\t\t\t\t\t\t\t\t\t\t<\/p>\n<h2>Peinture<\/h2>\n<p>Peinture \u00e0 l\u2019eau spectrophotom\u00e8tre pour l\u2019analyse des teintes\u200b<\/p>\n<p>\t\t\t\t<noscript><br \/>\n\t\t\t\t\tNous mettons \u00e0 disposition gratuitement 5 v\u00e9hicules pendant les r\u00e9parations .\t\t\t\t<\/noscript><br \/>\n\t\t\t<!-- close .eael-fancy-text-container --><br \/>\n\t\t\t\t\t\t\t\t\t\t\t\t\t\t\t<img decoding=\"async\" width=\"512\" height=\"512\" src=\"http:\/\/kmirandajacome.eleves.mediamatique.ch\/WORDPRESS\/wordpress\/wp-content\/uploads\/2023\/03\/window.png\" alt=\"\" loading=\"lazy\" srcset=\"http:\/\/kmirandajacome.eleves.mediamatique.ch\/WORDPRESS\/wordpress\/wp-content\/uploads\/2023\/03\/window.png 512w, http:\/\/kmirandajacome.eleves.mediamatique.ch\/WORDPRESS\/wordpress\/wp-content\/uploads\/2023\/03\/window-300x300.png 300w, http:\/\/kmirandajacome.eleves.mediamatique.ch\/WORDPRESS\/wordpress\/wp-content\/uploads\/2023\/03\/window-150x150.png 150w\" sizes=\"(max-width: 512px) 100vw, 512px\" \/>\t\t\t\t\t\t\t\t\t\t\t\t\t\t\t<\/p>\n<h2>Pare-Brise<\/h2>\n<p>R\u00e9paration d\u2019impacte ou remplacement de votre vitrage\u200b<\/p>\n<p>\t\t\t\t\t\t\t\t\t\t\t\t\t\t\t<img decoding=\"async\" width=\"512\" height=\"512\" src=\"http:\/\/kmirandajacome.eleves.mediamatique.ch\/WORDPRESS\/wordpress\/wp-content\/uploads\/2023\/03\/car-wash.png\" alt=\"\" loading=\"lazy\" srcset=\"http:\/\/kmirandajacome.eleves.mediamatique.ch\/WORDPRESS\/wordpress\/wp-content\/uploads\/2023\/03\/car-wash.png 512w, http:\/\/kmirandajacome.eleves.mediamatique.ch\/WORDPRESS\/wordpress\/wp-content\/uploads\/2023\/03\/car-wash-300x300.png 300w, http:\/\/kmirandajacome.eleves.mediamatique.ch\/WORDPRESS\/wordpress\/wp-content\/uploads\/2023\/03\/car-wash-150x150.png 150w\" sizes=\"(max-width: 512px) 100vw, 512px\" \/>\t\t\t\t\t\t\t\t\t\t\t\t\t\t\t<\/p>\n<h2>D\u00e9bosselage<\/h2>\n<p>Redressage de vos impactes de gr\u00eale et de porti\u00e8re, sans peinture.<\/p>\n<p>\t\t<a data-text=\"Go\" href=\"#contact\"><br \/>\n\t\t\t\t\t\t\t\t\tNous contacter<br \/>\n\t\t\t\t\t\t\t\t\t<svg viewBox=\"0 0 576 512\" xmlns=\"http:\/\/www.w3.org\/2000\/svg\"><path d=\"M528 32H48C21.5 32 0 53.5 0 80v352c0 26.5 21.5 48 48 48h480c26.5 0 48-21.5 48-48V80c0-26.5-21.5-48-48-48zm0 400H48V80h480v352zM208 256c35.3 0 64-28.7 64-64s-28.7-64-64-64-64 28.7-64 64 28.7 64 64 64zm-89.6 128h179.2c12.4 0 22.4-8.6 22.4-19.2v-19.2c0-31.8-30.1-57.6-67.2-57.6-10.8 0-18.7 8-44.8 8-26.9 0-33.4-8-44.8-8-37.1 0-67.2 25.8-67.2 57.6v19.2c0 10.6 10 19.2 22.4 19.2zM360 320h112c4.4 0 8-3.6 8-8v-16c0-4.4-3.6-8-8-8H360c-4.4 0-8 3.6-8 8v16c0 4.4 3.6 8 8 8zm0-64h112c4.4 0 8-3.6 8-8v-16c0-4.4-3.6-8-8-8H360c-4.4 0-8 3.6-8 8v16c0 4.4 3.6 8 8 8zm0-64h112c4.4 0 8-3.6 8-8v-16c0-4.4-3.6-8-8-8H360c-4.4 0-8 3.6-8 8v16c0 4.4 3.6 8 8 8z\"><\/path><\/svg><br \/>\n\t\t<\/a><\/p>\n<h2>d\u00e9pannage<\/h2>\n<p>\t\t\t\t\t\t\t\t\t\t\t\t\t\t\t<img decoding=\"async\" src=\"http:\/\/kmirandajacome.eleves.mediamatique.ch\/WORDPRESS\/wordpress\/wp-content\/uploads\/2023\/03\/maintenance-1-2.png\" title=\"\" alt=\"\" loading=\"lazy\" \/>\t\t\t\t\t\t\t\t\t\t\t\t\t\t\t<\/p>\n<h2>Panne<\/h2>\n<p>Intervention sur place en moins de 30 minutes.<br \/>Agr\u00e9\u00e9 toutes assistances<\/p>\n<p>\t\t\t\t\t\t\t\t\t\t\t\t\t\t\t<img decoding=\"async\" width=\"512\" height=\"512\" src=\"http:\/\/kmirandajacome.eleves.mediamatique.ch\/WORDPRESS\/wordpress\/wp-content\/uploads\/2023\/03\/unfall.png\" alt=\"\" loading=\"lazy\" srcset=\"http:\/\/kmirandajacome.eleves.mediamatique.ch\/WORDPRESS\/wordpress\/wp-content\/uploads\/2023\/03\/unfall.png 512w, http:\/\/kmirandajacome.eleves.mediamatique.ch\/WORDPRESS\/wordpress\/wp-content\/uploads\/2023\/03\/unfall-300x300.png 300w, http:\/\/kmirandajacome.eleves.mediamatique.ch\/WORDPRESS\/wordpress\/wp-content\/uploads\/2023\/03\/unfall-150x150.png 150w\" sizes=\"(max-width: 512px) 100vw, 512px\" \/>\t\t\t\t\t\t\t\t\t\t\t\t\t\t\t<\/p>\n<h2>Accident<\/h2>\n<p style=\"text-align:justify;\">V\u00e9hicules lourd \u00e9quip\u00e9 de treuils et de grue pour la r\u00e9cup\u00e9ration en bas des ravins.<br \/>\nAgr\u00e9e par la Gendarmerie Vaudoise, Membre GDV<\/p>\n<p>Secours Routier Buchli S\u00e0rl est une filiale de la carrosserie, elle s\u2019occupe sp\u00e9cialement du d\u00e9pannage technique, accident et transport de vos v\u00e9hicules. Agr\u00e9e par toutes les assistances, avec un parc de v\u00e9hicules modernes pour intervenir sur toutes situations.<\/p>\n<p>\t\t\t\t\t\t\t\t\t\t\t\t\t\t\t<img decoding=\"async\" width=\"512\" height=\"512\" src=\"http:\/\/kmirandajacome.eleves.mediamatique.ch\/WORDPRESS\/wordpress\/wp-content\/uploads\/2023\/03\/shipping.png\" alt=\"\" loading=\"lazy\" srcset=\"http:\/\/kmirandajacome.eleves.mediamatique.ch\/WORDPRESS\/wordpress\/wp-content\/uploads\/2023\/03\/shipping.png 512w, http:\/\/kmirandajacome.eleves.mediamatique.ch\/WORDPRESS\/wordpress\/wp-content\/uploads\/2023\/03\/shipping-300x300.png 300w, http:\/\/kmirandajacome.eleves.mediamatique.ch\/WORDPRESS\/wordpress\/wp-content\/uploads\/2023\/03\/shipping-150x150.png 150w\" sizes=\"(max-width: 512px) 100vw, 512px\" \/>\t\t\t\t\t\t\t\t\t\t\t\t\t\t\t<\/p>\n<h2>Transport<\/h2>\n<p>Camion remorque pour le transport de vos v\u00e9hicules en Suisse Romande et en France voisine .<\/p>\n<p>\t\t<a data-text=\"Go\" href=\"#contact\"><br \/>\n\t\t\t\t\t\t\t\t\tNous contacter<br \/>\n\t\t\t\t\t\t\t\t\t<svg viewBox=\"0 0 576 512\" xmlns=\"http:\/\/www.w3.org\/2000\/svg\"><path d=\"M528 32H48C21.5 32 0 53.5 0 80v352c0 26.5 21.5 48 48 48h480c26.5 0 48-21.5 48-48V80c0-26.5-21.5-48-48-48zm0 400H48V80h480v352zM208 256c35.3 0 64-28.7 64-64s-28.7-64-64-64-64 28.7-64 64 28.7 64 64 64zm-89.6 128h179.2c12.4 0 22.4-8.6 22.4-19.2v-19.2c0-31.8-30.1-57.6-67.2-57.6-10.8 0-18.7 8-44.8 8-26.9 0-33.4-8-44.8-8-37.1 0-67.2 25.8-67.2 57.6v19.2c0 10.6 10 19.2 22.4 19.2zM360 320h112c4.4 0 8-3.6 8-8v-16c0-4.4-3.6-8-8-8H360c-4.4 0-8 3.6-8 8v16c0 4.4 3.6 8 8 8zm0-64h112c4.4 0 8-3.6 8-8v-16c0-4.4-3.6-8-8-8H360c-4.4 0-8 3.6-8 8v16c0 4.4 3.6 8 8 8zm0-64h112c4.4 0 8-3.6 8-8v-16c0-4.4-3.6-8-8-8H360c-4.4 0-8 3.6-8 8v16c0 4.4 3.6 8 8 8z\"><\/path><\/svg><br \/>\n\t\t<\/a><\/p>\n<h2>Nous contacter<\/h2>\n<form enctype=\"multipart\/form-data\" method=\"post\" id=\"form_contact\"  data-token=\"a879ad7f38565d2072c07223f6da160c\" data-token=\"a879ad7f38565d2072c07223f6da160c\" data-token=\"a879ad7f38565d2072c07223f6da160c\">\n<fieldset>\n<legend>contact<\/legend>\n<p><input type=\"hidden\" name=\"frm_action\" value=\"create\" \/><br \/>\n<input type=\"hidden\" name=\"form_id\" value=\"2\" \/><br \/>\n<input type=\"hidden\" name=\"frm_hide_fields_2\" id=\"frm_hide_fields_2\" value=\"\" \/><br \/>\n<input type=\"hidden\" name=\"form_key\" value=\"contact\" \/><br \/>\n<input type=\"hidden\" name=\"item_meta[0]\" value=\"\" \/><br \/>\n<input type=\"hidden\" id=\"frm_submit_entry_2\" name=\"frm_submit_entry_2\" value=\"5cc4c37178\" \/><input type=\"hidden\" name=\"_wp_http_referer\" value=\"\/WORDPRESS\/wordpress\/wp-admin\/admin-ajax.php\" \/><br \/>\n    <label for=\"field_jd1zg\" id=\"field_jd1zg_label\">Nom<br \/>\n        *<br \/>\n    <\/label><br \/>\n    <input type=\"text\" id=\"field_jd1zg\" name=\"item_meta[6]\" value=\"\"  placeholder=\"Nom\" data-reqmsg=\"Ce champ ne peut pas \u00eatre vide\" aria-required=\"true\" data-invmsg=\"texte est non valide\" aria-invalid=\"false\"  \/><br \/>\n    <label for=\"field_l0g57\" id=\"field_l0g57_label\">Email<br \/>\n        *<br \/>\n    <\/label><br \/>\n    <input type=\"text\" id=\"field_l0g57\" name=\"item_meta[7]\" value=\"\"  placeholder=\"Email\" data-reqmsg=\"Ce champ ne peut pas \u00eatre vide\" aria-required=\"true\" data-invmsg=\"texte est non valide\" aria-invalid=\"false\"  \/><br \/>\n    <label for=\"field_uojq4\" id=\"field_uojq4_label\">T\u00e9l\u00e9phone<br \/>\n        *<br \/>\n    <\/label><br \/>\n    <input type=\"text\" id=\"field_uojq4\" name=\"item_meta[12]\" value=\"\"  data-reqmsg=\"Ce champ ne peut pas \u00eatre vide\" aria-required=\"true\" data-invmsg=\"texte est non valide\" aria-invalid=\"false\"  \/><br \/>\n    <label for=\"field_k022d\" id=\"field_k022d_label\">Message<br \/>\n    <\/label><br \/>\n    <textarea name=\"item_meta[11]\" id=\"field_k022d\"  data-frmval=\"Bonjour...\" data-invmsg=\"Message est non valide\" aria-invalid=\"false\"  >Bonjour&#8230;<\/textarea><br \/>\n    <label for=\"g-recaptcha-response\" id=\"field_6escd_label\">Captcha<br \/>\n    <\/label><br \/>\n\t<input type=\"hidden\" name=\"item_key\" value=\"\" \/><br \/>\n\t\t\t\t<label for=\"frm_email_2\"><br \/>\n\t\t\t\t\tSi vous \u00eates un humain, ne remplissez pas ce champ.\t\t\t\t<\/label><br \/>\n\t\t\t\t<input type=\"text\" id=\"frm_email_2\" name=\"frm_verify\" value=\"\"  \/><br \/>\n<button type=\"submit\"  >Envoyer<\/button><br \/>\n<\/fieldset>\n<\/form>\n<p>\t\t\t<iframe loading=\"lazy\"\n\t\t\t\t\tsrc=\"https:\/\/maps.google.com\/maps?q=Av%20des%20Alpes%2017%2C%201450%20Sainte-Croix&#038;t=m&#038;z=15&#038;output=embed&#038;iwloc=near\"\n\t\t\t\t\ttitle=\"Av des Alpes 17, 1450 Sainte-Croix\"\n\t\t\t\t\taria-label=\"Av des Alpes 17, 1450 Sainte-Croix\"\n\t\t\t><\/iframe><br \/>\n\t\t\t\t<a href=\"https:\/\/goo.gl\/maps\/W6aeMTFVFNucVLvd9\" target=\"_blank\" rel=\"noopener\"><br \/>\n\t\t\t\t<svg aria-hidden=\"true\" viewBox=\"0 0 384 512\" xmlns=\"http:\/\/www.w3.org\/2000\/svg\"><path d=\"M172.268 501.67C26.97 291.031 0 269.413 0 192 0 85.961 85.961 0 192 0s192 85.961 192 192c0 77.413-26.97 99.031-172.268 309.67-9.535 13.774-29.93 13.773-39.464 0zM192 272c44.183 0 80-35.817 80-80s-35.817-80-80-80-80 35.817-80 80 35.817 80 80 80z\"><\/path><\/svg>\t\t\t\t<\/a><br \/>\n\t\t\t\t\t<a href=\"https:\/\/goo.gl\/maps\/W6aeMTFVFNucVLvd9\" target=\"_blank\" rel=\"noopener\"><br \/>\n\t\t\t\t\t\tCarrosserie &#038; Secours Routier\t\t\t\t\t<\/a><\/p>\n<p>\n\t\t\t\t\t\tBuchli S\u00e0rl<br \/>\nAv des Alpes 17<br \/>\n1450 Sainte-Croix\t\t\t\t\t<\/p>\n<p>\t\t\t\t<svg aria-hidden=\"true\" viewBox=\"0 0 512 512\" xmlns=\"http:\/\/www.w3.org\/2000\/svg\"><path d=\"M493.4 24.6l-104-24c-11.3-2.6-22.9 3.3-27.5 13.9l-48 112c-4.2 9.8-1.4 21.3 6.9 28l60.6 49.6c-36 76.7-98.9 140.5-177.2 177.2l-49.6-60.6c-6.8-8.3-18.2-11.1-28-6.9l-112 48C3.9 366.5-2 378.1.6 389.4l24 104C27.1 504.2 36.7 512 48 512c256.1 0 464-207.5 464-464 0-11.2-7.7-20.9-18.6-23.4z\"><\/path><\/svg>\t\t\t\t<\/p>\n<p><p>T\u00e9l : <a href=\"tel:0244543475\">024 454 34 75<\/a><br \/>\nFax : 024 454 48 48<\/p>\n<\/p>\n<p>\t\t\t\t<svg aria-hidden=\"true\" viewBox=\"0 0 512 512\" xmlns=\"http:\/\/www.w3.org\/2000\/svg\"><path d=\"M502.3 190.8c3.9-3.1 9.7-.2 9.7 4.7V400c0 26.5-21.5 48-48 48H48c-26.5 0-48-21.5-48-48V195.6c0-5 5.7-7.8 9.7-4.7 22.4 17.4 52.1 39.5 154.1 113.6 21.1 15.4 56.7 47.8 92.2 47.6 35.7.3 72-32.8 92.3-47.6 102-74.1 131.6-96.3 154-113.7zM256 320c23.2.4 56.6-29.2 73.4-41.4 132.7-96.3 142.8-104.7 173.4-128.7 5.8-4.5 9.2-11.5 9.2-18.9v-19c0-26.5-21.5-48-48-48H48C21.5 64 0 85.5 0 112v19c0 7.4 3.4 14.3 9.2 18.9 30.6 23.9 40.7 32.4 173.4 128.7 16.8 12.2 50.2 41.8 73.4 41.4z\"><\/path><\/svg>\t\t\t\t<\/p>\n<p><p><a href=\"mailto:info@carrosserie-buchli.ch\">info@carrosserie-buchli.ch<\/a><\/p><\/p>\n","protected":false},"excerpt":{"rendered":"<p>Nos Prestations d\u00e9couvrez nos diff\u00e9rentes prestations ci-dessous les Services Carrosserie Devis gratuit,\u200boutillage moderne ouvriers qualifi\u00e9s Peinture Peinture \u00e0 l\u2019eau spectrophotom\u00e8tre pour l\u2019analyse des teintes\u200b Nous mettons \u00e0 disposition gratuitement 5 v\u00e9hicules pendant les r\u00e9parations . Pare-Brise R\u00e9paration d\u2019impacte ou remplacement de votre vitrage\u200b D\u00e9bosselage Redressage de vos impactes de gr\u00eale et de porti\u00e8re, sans peinture. [&hellip;]<\/p>\n","protected":false},"author":1,"featured_media":0,"parent":0,"menu_order":0,"comment_status":"closed","ping_status":"open","template":"","meta":{"inline_featured_image":false,"footnotes":""},"yoast_head":"<!-- This site is optimized with the Yoast SEO plugin v21.0 - https:\/\/yoast.com\/wordpress\/plugins\/seo\/ -->\n<title>Prestations - Amadeo Miranda<\/title>\n<meta name=\"robots\" content=\"index, follow, max-snippet:-1, max-image-preview:large, max-video-preview:-1\" \/>\n<link rel=\"canonical\" href=\"http:\/\/kmirandajacome.eleves.mediamatique.ch\/WORDPRESS\/wordpress\/prestations\/\" \/>\n<meta property=\"og:locale\" content=\"fr_FR\" \/>\n<meta property=\"og:type\" content=\"article\" \/>\n<meta property=\"og:title\" content=\"Prestations - Amadeo Miranda\" \/>\n<meta property=\"og:description\" content=\"Nos Prestations d\u00e9couvrez nos diff\u00e9rentes prestations ci-dessous les Services Carrosserie Devis gratuit,\u200boutillage moderne ouvriers qualifi\u00e9s Peinture Peinture \u00e0 l\u2019eau spectrophotom\u00e8tre pour l\u2019analyse des teintes\u200b Nous mettons \u00e0 disposition gratuitement 5 v\u00e9hicules pendant les r\u00e9parations . Pare-Brise R\u00e9paration d\u2019impacte ou remplacement de votre vitrage\u200b D\u00e9bosselage Redressage de vos impactes de gr\u00eale et de porti\u00e8re, sans peinture. [&hellip;]\" \/>\n<meta property=\"og:url\" content=\"http:\/\/kmirandajacome.eleves.mediamatique.ch\/WORDPRESS\/wordpress\/prestations\/\" \/>\n<meta property=\"og:site_name\" content=\"Amadeo Miranda\" \/>\n<meta property=\"article:modified_time\" content=\"2023-03-21T12:48:46+00:00\" \/>\n<meta property=\"og:image\" content=\"http:\/\/kmirandajacome.eleves.mediamatique.ch\/WORDPRESS\/wordpress\/wp-content\/uploads\/2023\/03\/maintenance-1-1.png\" \/>\n<meta name=\"twitter:card\" content=\"summary_large_image\" \/>\n<meta name=\"twitter:label1\" content=\"Dur\u00e9e de lecture estim\u00e9e\" \/>\n\t<meta name=\"twitter:data1\" content=\"3 minutes\" \/>\n<script type=\"application\/ld+json\" class=\"yoast-schema-graph\">{\"@context\":\"https:\/\/schema.org\",\"@graph\":[{\"@type\":\"WebPage\",\"@id\":\"http:\/\/kmirandajacome.eleves.mediamatique.ch\/WORDPRESS\/wordpress\/prestations\/\",\"url\":\"http:\/\/kmirandajacome.eleves.mediamatique.ch\/WORDPRESS\/wordpress\/prestations\/\",\"name\":\"Prestations - Amadeo Miranda\",\"isPartOf\":{\"@id\":\"https:\/\/kmirandajacome.eleves.mediamatique.ch\/WORDPRESS\/wordpress\/#website\"},\"datePublished\":\"2023-03-16T18:37:06+00:00\",\"dateModified\":\"2023-03-21T12:48:46+00:00\",\"breadcrumb\":{\"@id\":\"http:\/\/kmirandajacome.eleves.mediamatique.ch\/WORDPRESS\/wordpress\/prestations\/#breadcrumb\"},\"inLanguage\":\"fr-FR\",\"potentialAction\":[{\"@type\":\"ReadAction\",\"target\":[\"http:\/\/kmirandajacome.eleves.mediamatique.ch\/WORDPRESS\/wordpress\/prestations\/\"]}]},{\"@type\":\"BreadcrumbList\",\"@id\":\"http:\/\/kmirandajacome.eleves.mediamatique.ch\/WORDPRESS\/wordpress\/prestations\/#breadcrumb\",\"itemListElement\":[{\"@type\":\"ListItem\",\"position\":1,\"name\":\"Accueil\",\"item\":\"https:\/\/kmirandajacome.eleves.mediamatique.ch\/WORDPRESS\/wordpress\/\"},{\"@type\":\"ListItem\",\"position\":2,\"name\":\"Prestations\"}]},{\"@type\":\"WebSite\",\"@id\":\"https:\/\/kmirandajacome.eleves.mediamatique.ch\/WORDPRESS\/wordpress\/#website\",\"url\":\"https:\/\/kmirandajacome.eleves.mediamatique.ch\/WORDPRESS\/wordpress\/\",\"name\":\"Amadeo Miranda\",\"description\":\"E-Portfolio\",\"publisher\":{\"@id\":\"https:\/\/kmirandajacome.eleves.mediamatique.ch\/WORDPRESS\/wordpress\/#organization\"},\"potentialAction\":[{\"@type\":\"SearchAction\",\"target\":{\"@type\":\"EntryPoint\",\"urlTemplate\":\"https:\/\/kmirandajacome.eleves.mediamatique.ch\/WORDPRESS\/wordpress\/?s={search_term_string}\"},\"query-input\":\"required name=search_term_string\"}],\"inLanguage\":\"fr-FR\"},{\"@type\":\"Organization\",\"@id\":\"https:\/\/kmirandajacome.eleves.mediamatique.ch\/WORDPRESS\/wordpress\/#organization\",\"name\":\"Amadeo Miranda\",\"url\":\"https:\/\/kmirandajacome.eleves.mediamatique.ch\/WORDPRESS\/wordpress\/\",\"logo\":{\"@type\":\"ImageObject\",\"inLanguage\":\"fr-FR\",\"@id\":\"https:\/\/kmirandajacome.eleves.mediamatique.ch\/WORDPRESS\/wordpress\/#\/schema\/logo\/image\/\",\"url\":\"http:\/\/kmirandajacome.eleves.mediamatique.ch\/WORDPRESS\/wordpress\/wp-content\/uploads\/2022\/04\/coach-logo.png\",\"contentUrl\":\"http:\/\/kmirandajacome.eleves.mediamatique.ch\/WORDPRESS\/wordpress\/wp-content\/uploads\/2022\/04\/coach-logo.png\",\"width\":300,\"height\":71,\"caption\":\"Amadeo Miranda\"},\"image\":{\"@id\":\"https:\/\/kmirandajacome.eleves.mediamatique.ch\/WORDPRESS\/wordpress\/#\/schema\/logo\/image\/\"}}]}<\/script>\n<!-- \/ Yoast SEO plugin. -->","yoast_head_json":{"title":"Prestations - Amadeo Miranda","robots":{"index":"index","follow":"follow","max-snippet":"max-snippet:-1","max-image-preview":"max-image-preview:large","max-video-preview":"max-video-preview:-1"},"canonical":"http:\/\/kmirandajacome.eleves.mediamatique.ch\/WORDPRESS\/wordpress\/prestations\/","og_locale":"fr_FR","og_type":"article","og_title":"Prestations - Amadeo Miranda","og_description":"Nos Prestations d\u00e9couvrez nos diff\u00e9rentes prestations ci-dessous les Services Carrosserie Devis gratuit,\u200boutillage moderne ouvriers qualifi\u00e9s Peinture Peinture \u00e0 l\u2019eau spectrophotom\u00e8tre pour l\u2019analyse des teintes\u200b Nous mettons \u00e0 disposition gratuitement 5 v\u00e9hicules pendant les r\u00e9parations . Pare-Brise R\u00e9paration d\u2019impacte ou remplacement de votre vitrage\u200b D\u00e9bosselage Redressage de vos impactes de gr\u00eale et de porti\u00e8re, sans peinture. [&hellip;]","og_url":"http:\/\/kmirandajacome.eleves.mediamatique.ch\/WORDPRESS\/wordpress\/prestations\/","og_site_name":"Amadeo Miranda","article_modified_time":"2023-03-21T12:48:46+00:00","og_image":[{"url":"http:\/\/kmirandajacome.eleves.mediamatique.ch\/WORDPRESS\/wordpress\/wp-content\/uploads\/2023\/03\/maintenance-1-1.png"}],"twitter_card":"summary_large_image","twitter_misc":{"Dur\u00e9e de lecture estim\u00e9e":"3 minutes"},"schema":{"@context":"https:\/\/schema.org","@graph":[{"@type":"WebPage","@id":"http:\/\/kmirandajacome.eleves.mediamatique.ch\/WORDPRESS\/wordpress\/prestations\/","url":"http:\/\/kmirandajacome.eleves.mediamatique.ch\/WORDPRESS\/wordpress\/prestations\/","name":"Prestations - Amadeo Miranda","isPartOf":{"@id":"https:\/\/kmirandajacome.eleves.mediamatique.ch\/WORDPRESS\/wordpress\/#website"},"datePublished":"2023-03-16T18:37:06+00:00","dateModified":"2023-03-21T12:48:46+00:00","breadcrumb":{"@id":"http:\/\/kmirandajacome.eleves.mediamatique.ch\/WORDPRESS\/wordpress\/prestations\/#breadcrumb"},"inLanguage":"fr-FR","potentialAction":[{"@type":"ReadAction","target":["http:\/\/kmirandajacome.eleves.mediamatique.ch\/WORDPRESS\/wordpress\/prestations\/"]}]},{"@type":"BreadcrumbList","@id":"http:\/\/kmirandajacome.eleves.mediamatique.ch\/WORDPRESS\/wordpress\/prestations\/#breadcrumb","itemListElement":[{"@type":"ListItem","position":1,"name":"Accueil","item":"https:\/\/kmirandajacome.eleves.mediamatique.ch\/WORDPRESS\/wordpress\/"},{"@type":"ListItem","position":2,"name":"Prestations"}]},{"@type":"WebSite","@id":"https:\/\/kmirandajacome.eleves.mediamatique.ch\/WORDPRESS\/wordpress\/#website","url":"https:\/\/kmirandajacome.eleves.mediamatique.ch\/WORDPRESS\/wordpress\/","name":"Amadeo Miranda","description":"E-Portfolio","publisher":{"@id":"https:\/\/kmirandajacome.eleves.mediamatique.ch\/WORDPRESS\/wordpress\/#organization"},"potentialAction":[{"@type":"SearchAction","target":{"@type":"EntryPoint","urlTemplate":"https:\/\/kmirandajacome.eleves.mediamatique.ch\/WORDPRESS\/wordpress\/?s={search_term_string}"},"query-input":"required name=search_term_string"}],"inLanguage":"fr-FR"},{"@type":"Organization","@id":"https:\/\/kmirandajacome.eleves.mediamatique.ch\/WORDPRESS\/wordpress\/#organization","name":"Amadeo Miranda","url":"https:\/\/kmirandajacome.eleves.mediamatique.ch\/WORDPRESS\/wordpress\/","logo":{"@type":"ImageObject","inLanguage":"fr-FR","@id":"https:\/\/kmirandajacome.eleves.mediamatique.ch\/WORDPRESS\/wordpress\/#\/schema\/logo\/image\/","url":"http:\/\/kmirandajacome.eleves.mediamatique.ch\/WORDPRESS\/wordpress\/wp-content\/uploads\/2022\/04\/coach-logo.png","contentUrl":"http:\/\/kmirandajacome.eleves.mediamatique.ch\/WORDPRESS\/wordpress\/wp-content\/uploads\/2022\/04\/coach-logo.png","width":300,"height":71,"caption":"Amadeo Miranda"},"image":{"@id":"https:\/\/kmirandajacome.eleves.mediamatique.ch\/WORDPRESS\/wordpress\/#\/schema\/logo\/image\/"}}]}},"_links":{"self":[{"href":"http:\/\/kmirandajacome.eleves.mediamatique.ch\/WORDPRESS\/wordpress\/wp-json\/wp\/v2\/pages\/2063"}],"collection":[{"href":"http:\/\/kmirandajacome.eleves.mediamatique.ch\/WORDPRESS\/wordpress\/wp-json\/wp\/v2\/pages"}],"about":[{"href":"http:\/\/kmirandajacome.eleves.mediamatique.ch\/WORDPRESS\/wordpress\/wp-json\/wp\/v2\/types\/page"}],"author":[{"embeddable":true,"href":"http:\/\/kmirandajacome.eleves.mediamatique.ch\/WORDPRESS\/wordpress\/wp-json\/wp\/v2\/users\/1"}],"replies":[{"embeddable":true,"href":"http:\/\/kmirandajacome.eleves.mediamatique.ch\/WORDPRESS\/wordpress\/wp-json\/wp\/v2\/comments?post=2063"}],"version-history":[{"count":255,"href":"http:\/\/kmirandajacome.eleves.mediamatique.ch\/WORDPRESS\/wordpress\/wp-json\/wp\/v2\/pages\/2063\/revisions"}],"predecessor-version":[{"id":2510,"href":"http:\/\/kmirandajacome.eleves.mediamatique.ch\/WORDPRESS\/wordpress\/wp-json\/wp\/v2\/pages\/2063\/revisions\/2510"}],"wp:attachment":[{"href":"http:\/\/kmirandajacome.eleves.mediamatique.ch\/WORDPRESS\/wordpress\/wp-json\/wp\/v2\/media?parent=2063"}],"curies":[{"name":"wp","href":"https:\/\/api.w.org\/{rel}","templated":true}]}}