{"id":3833,"date":"2023-11-20T09:04:24","date_gmt":"2023-11-20T08:04:24","guid":{"rendered":"http:\/\/kmirandajacome.eleves.mediamatique.ch\/WORDPRESS\/wordpress\/?page_id=3833"},"modified":"2023-11-27T15:03:48","modified_gmt":"2023-11-27T14:03:48","slug":"jeux-retro-po","status":"publish","type":"page","link":"http:\/\/kmirandajacome.eleves.mediamatique.ch\/WORDPRESS\/wordpress\/jeux-retro-po\/","title":{"rendered":"Jeux r\u00e9tro PO"},"content":{"rendered":"<p><a href=\"http:\/\/kmirandajacome.eleves.mediamatique.ch\/WORDPRESS\/wordpress\/jeux-retro-po\"><br \/>\n\t\t\t\t\t\t\t<img decoding=\"async\" width=\"1024\" height=\"515\" src=\"http:\/\/kmirandajacome.eleves.mediamatique.ch\/WORDPRESS\/wordpress\/wp-content\/uploads\/2023\/11\/logo-po-1024x515.png\" alt=\"\" loading=\"lazy\" srcset=\"https:\/\/kmirandajacome.eleves.mediamatique.ch\/WORDPRESS\/wordpress\/wp-content\/uploads\/2023\/11\/logo-po-1024x515.png 1024w, https:\/\/kmirandajacome.eleves.mediamatique.ch\/WORDPRESS\/wordpress\/wp-content\/uploads\/2023\/11\/logo-po-300x151.png 300w, https:\/\/kmirandajacome.eleves.mediamatique.ch\/WORDPRESS\/wordpress\/wp-content\/uploads\/2023\/11\/logo-po-768x386.png 768w, https:\/\/kmirandajacome.eleves.mediamatique.ch\/WORDPRESS\/wordpress\/wp-content\/uploads\/2023\/11\/logo-po-1536x772.png 1536w, https:\/\/kmirandajacome.eleves.mediamatique.ch\/WORDPRESS\/wordpress\/wp-content\/uploads\/2023\/11\/logo-po.png 1920w\" sizes=\"(max-width: 1024px) 100vw, 1024px\" \/>\t\t\t\t\t\t\t\t<\/a><br \/>\n\t\t\t<a href=\"#\"><br \/>\n\t\t\t\t\t\tTetris<br \/>\n\t\t\t\t\t<\/a><br \/>\n\t\t\t<a href=\"#\"><br \/>\n\t\t\t\t\t\tMissile command<br \/>\n\t\t\t\t\t<\/a><br \/>\n\t\t\t<a href=\"#\"><br \/>\n\t\t\t\t\t\tPacman<br \/>\n\t\t\t\t\t<\/a><br \/>\n\t\t\t<a href=\"#\"><br \/>\n\t\t\t\t\t\tBomberman<br \/>\n\t\t\t\t\t<\/a><br \/>\n\t\t\t<a href=\"#\"><br \/>\n\t\t\t\t\t\tBiographie jubin<br \/>\n\t\t\t\t\t<\/a><br \/>\n\t\t\t<a href=\"http:\/\/kmirandajacome.eleves.mediamatique.ch\/WORDPRESS\/wordpress\/jeux-retro-po-programmation\/\"><br \/>\n\t\t\t\t\t\tProgrammation<br \/>\n\t\t\t\t\t<\/a><\/p>\n<h2>Retrospective<br \/>\ndes Jeux Video<br \/>80&#8242;<\/h2>\n<h2>Presentation<\/h2>\n<p>Plongez dans la nostalgie et d\u00e9couvrez l&#8217;univers intemporel de Tetris, Missile Command, Pac-Man et Bomberman. Ces jeux ont marqu\u00e9 l&#8217;histoire du gaming et continuent d&#8217;apporter plaisir \u00e0 des g\u00e9n\u00e9rations de joueurs, petits et grands. Explorez ces classiques, leurs cr\u00e9ateurs, et l&#8217;impact qu&#8217;ils ont eu sur la culture du jeu.<\/p>\n<h2>Tetris 1980<\/h2>\n<p>Tetris, cr\u00e9\u00e9 en 1984 par le programmeur russe Alexey Pajitnov, est un jeu de puzzle embl\u00e9matique. Inspir\u00e9 par les polyominos (ensemble de carr\u00e9s reli\u00e9s les uns aux autres), Pajitnov a con\u00e7u un jeu o\u00f9 les joueurs empilent des formes g\u00e9om\u00e9triques pour remplir des lignes. Tetris est devenu un succ\u00e8s mondial gr\u00e2ce \u00e0 sa simplicit\u00e9 et \u00e0 son gameplay addictif, restant \u00e0 jamais un pilier du jeu vid\u00e9o.<\/p>\n<p>http:\/\/kmirandajacome.eleves.mediamatique.ch\/WORDPRESS\/wordpress\/wp-content\/uploads\/2023\/11\/tetris2.mp4<br \/>\n\t\t\t<!DOCTYPE html><br \/>\n<html lang=\"en\"><br \/>\n<head><br \/>\n    <meta charset=\"UTF-8\"><br \/>\n    <meta name=\"viewport\" content=\"width=device-width, initial-scale=1.0\"><br \/>\n    <title>Document<\/title><br \/>\n<\/head><\/p>\n<style>\n    body {\n  font-family: 'Courier New', Courier, monospace;\n  display: flex;\n  justify-content: center;\n  align-items: center;\n  flex-direction: column;\n  color: white !important;\n}\nh1{\n    color: white;\n    font-family: Arial;\n}\n#container {\n  display: flex;\n  \/* gap: 30px; *\/\n  align-items: center;\n  margin-bottom: 20px;\n}\n#console {\n  background-color: black;\n}\n#skeletonConsole {\n  font-size: 24px;\n}\n#start_stop {\n  display: flex;\n  gap: 10px;\n  margin-bottom: 20px;\n}\n#start_stop button {\n  width: 100px;\n  height: 30px;\n  font-family: 'Courier New', Courier, monospace;\n  border: none;\n}\n#startbtn {\n  background-color: rgb(60, 168, 60);\n  color: white;\n}\n#startbtn:disabled {\n  background-color: rgb(158, 243, 158);\n}\n#stopbtn {\n  background-color: #B84197 !important;\n  color: white;\n}\n#stopbtn:disabled {\n  background-color: #B84197  !important;\n}\n.control_row {\n  display: flex;\n  justify-content: center;\n  margin-bottom: 20px;\n  gap: 20px;\n}\n.controlbtn {\n  height: 50px;\n  width: 50px;\n  background-color: rgb(0, 76, 95);\n  border: none;\n  color: white;\n}\n<\/style>\n<p>  <body onload=\"draw()\"><\/p>\n<h1>Essayez par vous m\u00eame<\/h1>\n<\/p>\n<p id=\"score\">score: 0<\/p>\n<p>          <canvas id=\"console\"><\/canvas><\/p>\n<p id=\"skeletonConsole\">\n<p>          <button id=\"startbtn\" onclick=\"start()\">Commencer<\/button><br \/>\n          <button id=\"stopbtn\" onclick=\"stop()\">Arr\u00eater<\/button><br \/>\n              <button id=\"rotatebtn\">&#038;#8631<\/button><br \/>\n              <button id=\"leftbtn\">&#038;#8592<\/button><br \/>\n              <button id=\"downbtn\">&#038;#8595<\/button><br \/>\n              <button id=\"rightbtn\">&#038;#8594<\/button><br \/>\n  <\/body><br \/>\n<\/html><\/p>\n<h2>Missile command<\/h2>\n<p>\t\thttp:\/\/kmirandajacome.eleves.mediamatique.ch\/WORDPRESS\/wordpress\/wp-content\/uploads\/2023\/11\/s_MissileCommand_good.mp4<\/p>\n<p>Missile Command, cr\u00e9\u00e9 par Dave Theurer et publi\u00e9 par Atari en 1980, est un jeu d&#8217;arcade qui a sa place aux c\u00f4t\u00e9s de Pac-Man chez les l\u00e9gendes. Dans ce jeu, les joueurs doivent prot\u00e9ger des villes contre des missiles ennemis en utilisant des d\u00e9fenses anti-a\u00e9riennes. Il est devenu un symbole de la guerre froide et de la tension nucl\u00e9aire de l&#8217;\u00e9poque. Missile Command a laiss\u00e9 une empreinte dans l&#8217;histoire des jeux vid\u00e9o en abordant pour la premi\u00e8re fois des th\u00e8mes s\u00e9rieux de mani\u00e8re ludique.<\/p>\n<h2>testez le jeu<\/h2>\n<style>\n        .missile-game-container {\n            height: 100%;\n            margin: 0;\n            background: black;\n            display: flex;\n            align-items: center;\n            justify-content: center;\n        }\n        .missile-game-canvas {\n            cursor: crosshair;\n            border: 1px solid white;\n        }\n    <\/style>\n<p><\/head><br \/>\n        <canvas width=\"800\" height=\"550\" id=\"missile-game-canvas\"><\/canvas><\/p>\n<h2>Pacman 1984<\/h2>\n<p>Pac-Man, cr\u00e9\u00e9 par Toru Iwatani en 1980, est probablement le jeu d&#8217;arcade le plus embl\u00e9matique de son \u00e9poque. Son nom est inspir\u00e9 du mot japonais &#8220;paku-paku&#8221; repr\u00e9sentant le son de la bouche en train de manger. Le jeu est devenu populaire pour son gameplay simple o\u00f9 le joueur guide Pac-Man \u00e0 travers un labyrinthe tout en \u00e9vitant des fant\u00f4mes. Pac-Man demeure un symbole majeur de la culture pop et du jeu vid\u00e9o.<\/p>\n<p>\t\t\t\t\t\t\t\t\t\t\t\t\t\t\t<img decoding=\"async\" width=\"870\" height=\"744\" src=\"http:\/\/kmirandajacome.eleves.mediamatique.ch\/WORDPRESS\/wordpress\/wp-content\/uploads\/2023\/11\/pacman.gif\" alt=\"\" loading=\"lazy\" \/>\t\t\t\t\t\t\t\t\t\t\t\t\t\t\t<\/p>\n<h2>testez le jeu<\/h2>\n<style>\n    pacman-canvas-style {\n        position: absolute;\n        top: 0px;\n        left: 0px;\n    }\n    .pacmanall {\n        height: 100%;\n        width: 100%;\n        font-family: \"Lato\", \"Lucida Grande\", \"Lucida Sans Unicode\", Tahoma, Sans-Serif;\n        font-size: 18px;\n        background-repeat: no-repeat;\n        background-attachment: fixed;\n        background: -moz-linear-gradient(top, #000 0%, #023 41%, #247 100%);\n        background: -webkit-linear-gradient(top, #000 0%, #023 41%, #247 100%);\n        background: linear-gradient(to bottom, #000 0%, #023 41%, #247 100%);\n    }\n<\/style>\n<p>    <canvas id=\"canvas-pacman\" width=\"607\" height=\"405\" style=\"left: 488px;\"><\/canvas><\/p>\n<h2>Bomberman<\/h2>\n<p>\t\t\t\t\t\t\t\t\t\t\t\t\t\t\t<img decoding=\"async\" width=\"844\" height=\"1024\" src=\"http:\/\/kmirandajacome.eleves.mediamatique.ch\/WORDPRESS\/wordpress\/wp-content\/uploads\/2023\/11\/bomberman-844x1024.png\" alt=\"\" loading=\"lazy\" srcset=\"https:\/\/kmirandajacome.eleves.mediamatique.ch\/WORDPRESS\/wordpress\/wp-content\/uploads\/2023\/11\/bomberman-844x1024.png 844w, https:\/\/kmirandajacome.eleves.mediamatique.ch\/WORDPRESS\/wordpress\/wp-content\/uploads\/2023\/11\/bomberman-247x300.png 247w, https:\/\/kmirandajacome.eleves.mediamatique.ch\/WORDPRESS\/wordpress\/wp-content\/uploads\/2023\/11\/bomberman-768x932.png 768w, https:\/\/kmirandajacome.eleves.mediamatique.ch\/WORDPRESS\/wordpress\/wp-content\/uploads\/2023\/11\/bomberman-1265x1536.png 1265w, https:\/\/kmirandajacome.eleves.mediamatique.ch\/WORDPRESS\/wordpress\/wp-content\/uploads\/2023\/11\/bomberman-1687x2048.png 1687w\" sizes=\"(max-width: 844px) 100vw, 844px\" \/>\t\t\t\t\t\t\t\t\t\t\t\t\t\t\t<\/p>\n<p>Bomberman, cr\u00e9\u00e9 par le d\u00e9veloppeur japonais Hudson Soft en 1983, est un jeu vid\u00e9o culte. Il est bas\u00e9 sur un motif de labyrinthe, mettant en sc\u00e8ne des personnages qui posent des bombes pour se d\u00e9barrasser de leurs adversaires. Le concept novateur de destruction du terrain a marqu\u00e9 les esprits et a \u00e9t\u00e9 \u00e9tendu \u00e0 de nombreuses adaptations au fil des ann\u00e9es, en devenant l&#8217;un des classiques du jeu vid\u00e9o.<\/p>\n<h2>testez le jeu<\/h2>\n<p>\t\t\t<canvas width=\"960\" height=\"832\" id=\"game-bomberman\"><\/canvas><\/p>\n<style>\n  #game-bomberman {\n    border: 1px solid white;\n  }\n<\/style>\n","protected":false},"excerpt":{"rendered":"<p>Tetris Missile command Pacman Bomberman Biographie jubin Programmation Retrospective des Jeux Video80&#8242; Presentation Plongez dans la nostalgie et d\u00e9couvrez l&#8217;univers intemporel de Tetris, Missile Command, Pac-Man et Bomberman. Ces jeux ont marqu\u00e9 l&#8217;histoire du gaming et continuent d&#8217;apporter plaisir \u00e0 des g\u00e9n\u00e9rations de joueurs, petits et grands. Explorez ces classiques, leurs cr\u00e9ateurs, et l&#8217;impact qu&#8217;ils [&hellip;]<\/p>\n","protected":false},"author":1,"featured_media":0,"parent":0,"menu_order":0,"comment_status":"closed","ping_status":"closed","template":"elementor_canvas","meta":{"inline_featured_image":false,"footnotes":""},"yoast_head":"<!-- This site is optimized with the Yoast SEO plugin v21.0 - https:\/\/yoast.com\/wordpress\/plugins\/seo\/ -->\n<title>Jeux r\u00e9tro PO - Amadeo Miranda<\/title>\n<meta name=\"robots\" content=\"index, follow, max-snippet:-1, max-image-preview:large, max-video-preview:-1\" \/>\n<link rel=\"canonical\" href=\"http:\/\/kmirandajacome.eleves.mediamatique.ch\/WORDPRESS\/wordpress\/jeux-retro-po\/\" \/>\n<meta property=\"og:locale\" content=\"fr_FR\" \/>\n<meta property=\"og:type\" content=\"article\" \/>\n<meta property=\"og:title\" content=\"Jeux r\u00e9tro PO - Amadeo Miranda\" \/>\n<meta property=\"og:description\" content=\"Tetris Missile command Pacman Bomberman Biographie jubin Programmation Retrospective des Jeux Video80&#8242; Presentation Plongez dans la nostalgie et d\u00e9couvrez l&#8217;univers intemporel de Tetris, Missile Command, Pac-Man et Bomberman. Ces jeux ont marqu\u00e9 l&#8217;histoire du gaming et continuent d&#8217;apporter plaisir \u00e0 des g\u00e9n\u00e9rations de joueurs, petits et grands. Explorez ces classiques, leurs cr\u00e9ateurs, et l&#8217;impact qu&#8217;ils [&hellip;]\" \/>\n<meta property=\"og:url\" content=\"http:\/\/kmirandajacome.eleves.mediamatique.ch\/WORDPRESS\/wordpress\/jeux-retro-po\/\" \/>\n<meta property=\"og:site_name\" content=\"Amadeo Miranda\" \/>\n<meta property=\"article:modified_time\" content=\"2023-11-27T14:03:48+00:00\" \/>\n<meta property=\"og:image\" content=\"http:\/\/kmirandajacome.eleves.mediamatique.ch\/WORDPRESS\/wordpress\/wp-content\/uploads\/2023\/11\/logo-po-1024x515.png\" \/>\n<meta name=\"twitter:card\" content=\"summary_large_image\" \/>\n<meta name=\"twitter:label1\" content=\"Dur\u00e9e de lecture estim\u00e9e\" \/>\n\t<meta name=\"twitter:data1\" content=\"3 minutes\" \/>\n<script type=\"application\/ld+json\" class=\"yoast-schema-graph\">{\"@context\":\"https:\/\/schema.org\",\"@graph\":[{\"@type\":\"WebPage\",\"@id\":\"http:\/\/kmirandajacome.eleves.mediamatique.ch\/WORDPRESS\/wordpress\/jeux-retro-po\/\",\"url\":\"http:\/\/kmirandajacome.eleves.mediamatique.ch\/WORDPRESS\/wordpress\/jeux-retro-po\/\",\"name\":\"Jeux r\u00e9tro PO - Amadeo Miranda\",\"isPartOf\":{\"@id\":\"http:\/\/kmirandajacome.eleves.mediamatique.ch\/WORDPRESS\/wordpress\/#website\"},\"datePublished\":\"2023-11-20T08:04:24+00:00\",\"dateModified\":\"2023-11-27T14:03:48+00:00\",\"breadcrumb\":{\"@id\":\"http:\/\/kmirandajacome.eleves.mediamatique.ch\/WORDPRESS\/wordpress\/jeux-retro-po\/#breadcrumb\"},\"inLanguage\":\"fr-FR\",\"potentialAction\":[{\"@type\":\"ReadAction\",\"target\":[\"http:\/\/kmirandajacome.eleves.mediamatique.ch\/WORDPRESS\/wordpress\/jeux-retro-po\/\"]}]},{\"@type\":\"BreadcrumbList\",\"@id\":\"http:\/\/kmirandajacome.eleves.mediamatique.ch\/WORDPRESS\/wordpress\/jeux-retro-po\/#breadcrumb\",\"itemListElement\":[{\"@type\":\"ListItem\",\"position\":1,\"name\":\"Accueil\",\"item\":\"http:\/\/kmirandajacome.eleves.mediamatique.ch\/WORDPRESS\/wordpress\/\"},{\"@type\":\"ListItem\",\"position\":2,\"name\":\"Jeux r\u00e9tro PO\"}]},{\"@type\":\"WebSite\",\"@id\":\"http:\/\/kmirandajacome.eleves.mediamatique.ch\/WORDPRESS\/wordpress\/#website\",\"url\":\"http:\/\/kmirandajacome.eleves.mediamatique.ch\/WORDPRESS\/wordpress\/\",\"name\":\"Amadeo Miranda\",\"description\":\"E-Portfolio\",\"publisher\":{\"@id\":\"http:\/\/kmirandajacome.eleves.mediamatique.ch\/WORDPRESS\/wordpress\/#organization\"},\"potentialAction\":[{\"@type\":\"SearchAction\",\"target\":{\"@type\":\"EntryPoint\",\"urlTemplate\":\"http:\/\/kmirandajacome.eleves.mediamatique.ch\/WORDPRESS\/wordpress\/?s={search_term_string}\"},\"query-input\":\"required name=search_term_string\"}],\"inLanguage\":\"fr-FR\"},{\"@type\":\"Organization\",\"@id\":\"http:\/\/kmirandajacome.eleves.mediamatique.ch\/WORDPRESS\/wordpress\/#organization\",\"name\":\"Amadeo Miranda\",\"url\":\"http:\/\/kmirandajacome.eleves.mediamatique.ch\/WORDPRESS\/wordpress\/\",\"logo\":{\"@type\":\"ImageObject\",\"inLanguage\":\"fr-FR\",\"@id\":\"http:\/\/kmirandajacome.eleves.mediamatique.ch\/WORDPRESS\/wordpress\/#\/schema\/logo\/image\/\",\"url\":\"http:\/\/kmirandajacome.eleves.mediamatique.ch\/WORDPRESS\/wordpress\/wp-content\/uploads\/2022\/04\/coach-logo.png\",\"contentUrl\":\"http:\/\/kmirandajacome.eleves.mediamatique.ch\/WORDPRESS\/wordpress\/wp-content\/uploads\/2022\/04\/coach-logo.png\",\"width\":300,\"height\":71,\"caption\":\"Amadeo Miranda\"},\"image\":{\"@id\":\"http:\/\/kmirandajacome.eleves.mediamatique.ch\/WORDPRESS\/wordpress\/#\/schema\/logo\/image\/\"}}]}<\/script>\n<!-- \/ Yoast SEO plugin. -->","yoast_head_json":{"title":"Jeux r\u00e9tro PO - Amadeo Miranda","robots":{"index":"index","follow":"follow","max-snippet":"max-snippet:-1","max-image-preview":"max-image-preview:large","max-video-preview":"max-video-preview:-1"},"canonical":"http:\/\/kmirandajacome.eleves.mediamatique.ch\/WORDPRESS\/wordpress\/jeux-retro-po\/","og_locale":"fr_FR","og_type":"article","og_title":"Jeux r\u00e9tro PO - Amadeo Miranda","og_description":"Tetris Missile command Pacman Bomberman Biographie jubin Programmation Retrospective des Jeux Video80&#8242; Presentation Plongez dans la nostalgie et d\u00e9couvrez l&#8217;univers intemporel de Tetris, Missile Command, Pac-Man et Bomberman. Ces jeux ont marqu\u00e9 l&#8217;histoire du gaming et continuent d&#8217;apporter plaisir \u00e0 des g\u00e9n\u00e9rations de joueurs, petits et grands. Explorez ces classiques, leurs cr\u00e9ateurs, et l&#8217;impact qu&#8217;ils [&hellip;]","og_url":"http:\/\/kmirandajacome.eleves.mediamatique.ch\/WORDPRESS\/wordpress\/jeux-retro-po\/","og_site_name":"Amadeo Miranda","article_modified_time":"2023-11-27T14:03:48+00:00","og_image":[{"url":"http:\/\/kmirandajacome.eleves.mediamatique.ch\/WORDPRESS\/wordpress\/wp-content\/uploads\/2023\/11\/logo-po-1024x515.png"}],"twitter_card":"summary_large_image","twitter_misc":{"Dur\u00e9e de lecture estim\u00e9e":"3 minutes"},"schema":{"@context":"https:\/\/schema.org","@graph":[{"@type":"WebPage","@id":"http:\/\/kmirandajacome.eleves.mediamatique.ch\/WORDPRESS\/wordpress\/jeux-retro-po\/","url":"http:\/\/kmirandajacome.eleves.mediamatique.ch\/WORDPRESS\/wordpress\/jeux-retro-po\/","name":"Jeux r\u00e9tro PO - Amadeo Miranda","isPartOf":{"@id":"http:\/\/kmirandajacome.eleves.mediamatique.ch\/WORDPRESS\/wordpress\/#website"},"datePublished":"2023-11-20T08:04:24+00:00","dateModified":"2023-11-27T14:03:48+00:00","breadcrumb":{"@id":"http:\/\/kmirandajacome.eleves.mediamatique.ch\/WORDPRESS\/wordpress\/jeux-retro-po\/#breadcrumb"},"inLanguage":"fr-FR","potentialAction":[{"@type":"ReadAction","target":["http:\/\/kmirandajacome.eleves.mediamatique.ch\/WORDPRESS\/wordpress\/jeux-retro-po\/"]}]},{"@type":"BreadcrumbList","@id":"http:\/\/kmirandajacome.eleves.mediamatique.ch\/WORDPRESS\/wordpress\/jeux-retro-po\/#breadcrumb","itemListElement":[{"@type":"ListItem","position":1,"name":"Accueil","item":"http:\/\/kmirandajacome.eleves.mediamatique.ch\/WORDPRESS\/wordpress\/"},{"@type":"ListItem","position":2,"name":"Jeux r\u00e9tro PO"}]},{"@type":"WebSite","@id":"http:\/\/kmirandajacome.eleves.mediamatique.ch\/WORDPRESS\/wordpress\/#website","url":"http:\/\/kmirandajacome.eleves.mediamatique.ch\/WORDPRESS\/wordpress\/","name":"Amadeo Miranda","description":"E-Portfolio","publisher":{"@id":"http:\/\/kmirandajacome.eleves.mediamatique.ch\/WORDPRESS\/wordpress\/#organization"},"potentialAction":[{"@type":"SearchAction","target":{"@type":"EntryPoint","urlTemplate":"http:\/\/kmirandajacome.eleves.mediamatique.ch\/WORDPRESS\/wordpress\/?s={search_term_string}"},"query-input":"required name=search_term_string"}],"inLanguage":"fr-FR"},{"@type":"Organization","@id":"http:\/\/kmirandajacome.eleves.mediamatique.ch\/WORDPRESS\/wordpress\/#organization","name":"Amadeo Miranda","url":"http:\/\/kmirandajacome.eleves.mediamatique.ch\/WORDPRESS\/wordpress\/","logo":{"@type":"ImageObject","inLanguage":"fr-FR","@id":"http:\/\/kmirandajacome.eleves.mediamatique.ch\/WORDPRESS\/wordpress\/#\/schema\/logo\/image\/","url":"http:\/\/kmirandajacome.eleves.mediamatique.ch\/WORDPRESS\/wordpress\/wp-content\/uploads\/2022\/04\/coach-logo.png","contentUrl":"http:\/\/kmirandajacome.eleves.mediamatique.ch\/WORDPRESS\/wordpress\/wp-content\/uploads\/2022\/04\/coach-logo.png","width":300,"height":71,"caption":"Amadeo Miranda"},"image":{"@id":"http:\/\/kmirandajacome.eleves.mediamatique.ch\/WORDPRESS\/wordpress\/#\/schema\/logo\/image\/"}}]}},"_links":{"self":[{"href":"http:\/\/kmirandajacome.eleves.mediamatique.ch\/WORDPRESS\/wordpress\/wp-json\/wp\/v2\/pages\/3833"}],"collection":[{"href":"http:\/\/kmirandajacome.eleves.mediamatique.ch\/WORDPRESS\/wordpress\/wp-json\/wp\/v2\/pages"}],"about":[{"href":"http:\/\/kmirandajacome.eleves.mediamatique.ch\/WORDPRESS\/wordpress\/wp-json\/wp\/v2\/types\/page"}],"author":[{"embeddable":true,"href":"http:\/\/kmirandajacome.eleves.mediamatique.ch\/WORDPRESS\/wordpress\/wp-json\/wp\/v2\/users\/1"}],"replies":[{"embeddable":true,"href":"http:\/\/kmirandajacome.eleves.mediamatique.ch\/WORDPRESS\/wordpress\/wp-json\/wp\/v2\/comments?post=3833"}],"version-history":[{"count":214,"href":"http:\/\/kmirandajacome.eleves.mediamatique.ch\/WORDPRESS\/wordpress\/wp-json\/wp\/v2\/pages\/3833\/revisions"}],"predecessor-version":[{"id":4114,"href":"http:\/\/kmirandajacome.eleves.mediamatique.ch\/WORDPRESS\/wordpress\/wp-json\/wp\/v2\/pages\/3833\/revisions\/4114"}],"wp:attachment":[{"href":"http:\/\/kmirandajacome.eleves.mediamatique.ch\/WORDPRESS\/wordpress\/wp-json\/wp\/v2\/media?parent=3833"}],"curies":[{"name":"wp","href":"https:\/\/api.w.org\/{rel}","templated":true}]}}