{"id":349,"date":"2015-03-19T17:58:30","date_gmt":"2015-03-19T17:58:30","guid":{"rendered":"http:\/\/fitness3.mythemecloud.io\/\/?page_id=2"},"modified":"2023-03-17T15:14:11","modified_gmt":"2023-03-17T14:14:11","slug":"home","status":"publish","type":"page","link":"https:\/\/kmirandajacome.eleves.mediamatique.ch\/WORDPRESS\/wordpress\/","title":{"rendered":"Home"},"content":{"rendered":"<h1>Carrosserie Buchli<br \/>\u00e0 Sainte-Croix<\/h1>\n<h2>votre partenaire qualit\u00e9, d\u00e9pannage 24\/7<\/h2>\n<p>\t\t<a data-text=\"Go\" href=\"#presentation\"><br \/>\n\t\t\t\t\t\t\t\t\t<svg viewBox=\"0 0 320 512\" xmlns=\"http:\/\/www.w3.org\/2000\/svg\"><path d=\"M143 352.3L7 216.3c-9.4-9.4-9.4-24.6 0-33.9l22.6-22.6c9.4-9.4 24.6-9.4 33.9 0l96.4 96.4 96.4-96.4c9.4-9.4 24.6-9.4 33.9 0l22.6 22.6c9.4 9.4 9.4 24.6 0 33.9l-136 136c-9.2 9.4-24.4 9.4-33.8 0z\"><\/path><\/svg><br \/>\n\t\t<\/a><\/p>\n<h2>Carrosserie Buchli une affaire familiale<\/h2>\n<p>L\u2019entreprise est \u00e0 votre service depuis 1961 au c\u0153ur de Sainte-Croix depuis 3 g\u00e9n\u00e9rations , sur le Balcon du jura .<\/p>\n<p>Fond\u00e9e par Michel Buchli et reprise par son fils Jean-Michel en 1993 , c\u2019est au tour de Mathieu Buchli de reprendre la rel\u00e8ve en 2018 .<br \/>Depuis le d\u00e9but nous accordons une grande importance \u00e0 former des jeunes apprentis et somme membre de la f\u00e9d\u00e9ration des carrossiers Romands .<\/p>\n<h2>Nos prestations<\/h2>\n<p>\t\t\t<a href=\"http:\/\/kmirandajacome.eleves.mediamatique.ch\/WORDPRESS\/wordpress\/services\/\"><\/a>\t\t<\/p>\n<h2><a href=\"http:\/\/kmirandajacome.eleves.mediamatique.ch\/WORDPRESS\/wordpress\/services\/\">Services<\/a><\/h2>\n<p>Carrosserie | Peinture | Pare-Brise | D\u00e9bosselage<\/p>\n<p>\t\t\t<a href=\"http:\/\/kmirandajacome.eleves.mediamatique.ch\/WORDPRESS\/wordpress\/depannage\/\"><\/a>\t\t<\/p>\n<h2><a href=\"http:\/\/kmirandajacome.eleves.mediamatique.ch\/WORDPRESS\/wordpress\/depannage\/\">D\u00e9pannage<\/a><\/h2>\n<p>Panne | Accident | Transport<\/p>\n<p>\t\t<a data-text=\"Go\" href=\"http:\/\/kmirandajacome.eleves.mediamatique.ch\/WORDPRESS\/wordpress\/prestations\/\"><br \/>\n\t\t\t\t\t\t\t\t\tEn savoir plus<br \/>\n\t\t\t\t\t\t\t\t\t<svg viewBox=\"0 0 512 512\" xmlns=\"http:\/\/www.w3.org\/2000\/svg\"><path d=\"M499.99 176h-59.87l-16.64-41.6C406.38 91.63 365.57 64 319.5 64h-127c-46.06 0-86.88 27.63-103.99 70.4L71.87 176H12.01C4.2 176-1.53 183.34.37 190.91l6 24C7.7 220.25 12.5 224 18.01 224h20.07C24.65 235.73 16 252.78 16 272v48c0 16.12 6.16 30.67 16 41.93V416c0 17.67 14.33 32 32 32h32c17.67 0 32-14.33 32-32v-32h256v32c0 17.67 14.33 32 32 32h32c17.67 0 32-14.33 32-32v-54.07c9.84-11.25 16-25.8 16-41.93v-48c0-19.22-8.65-36.27-22.07-48H494c5.51 0 10.31-3.75 11.64-9.09l6-24c1.89-7.57-3.84-14.91-11.65-14.91zm-352.06-17.83c7.29-18.22 24.94-30.17 44.57-30.17h127c19.63 0 37.28 11.95 44.57 30.17L384 208H128l19.93-49.83zM96 319.8c-19.2 0-32-12.76-32-31.9S76.8 256 96 256s48 28.71 48 47.85-28.8 15.95-48 15.95zm320 0c-19.2 0-48 3.19-48-15.95S396.8 256 416 256s32 12.76 32 31.9-12.8 31.9-32 31.9z\"><\/path><\/svg><br \/>\n\t\t<\/a><\/p>\n<h2>Redonnez vie \u00e0 votre v\u00e9hicule<\/h2>\n<p>\t<svg aria-hidden=\"true\" viewBox=\"0 0 256 512\" xmlns=\"http:\/\/www.w3.org\/2000\/svg\"><path d=\"M31.7 239l136-136c9.4-9.4 24.6-9.4 33.9 0l22.6 22.6c9.4 9.4 9.4 24.6 0 33.9L127.9 256l96.4 96.4c9.4 9.4 9.4 24.6 0 33.9L201.7 409c-9.4 9.4-24.6 9.4-33.9 0l-136-136c-9.5-9.4-9.5-24.6-.1-34z\"><\/path><\/svg><svg aria-hidden=\"true\" viewBox=\"0 0 256 512\" xmlns=\"http:\/\/www.w3.org\/2000\/svg\"><path d=\"M224.3 273l-136 136c-9.4 9.4-24.6 9.4-33.9 0l-22.6-22.6c-9.4-9.4-9.4-24.6 0-33.9l96.4-96.4-96.4-96.4c-9.4-9.4-9.4-24.6 0-33.9L54.3 103c9.4-9.4 24.6-9.4 33.9 0l136 136c9.5 9.4 9.5 24.6.1 34z\"><\/path><\/svg>\n\t<path d=\"M14.625 5.3999L16.3 7.0749L11.35 12.0249L16.3 16.9749L14.625 18.6499L7.99999 12.0249L14.625 5.3999Z\" fill=\"#0F172A\"\/><\/svg>&#8216; data-next-icon=&#8217;<svg width=\"24\" height=\"24\" viewBox=\"0 0 24 24\" fill=\"none\" xmlns=\"http:\/\/www.w3.org\/2000\/svg\"><path d=\"M9.37501 18.6001L7.70001 16.9251L12.65 11.9751L7.70001 7.0251L9.37501 5.3501L16 11.9751L9.37501 18.6001Z\" fill=\"#0F172A\"\/><\/svg>&#8216; data-makeresponsive=&#8221;true&#8221; data-startingposition=&#8221;54%&#8221;><br \/>\n\t\t<img decoding=\"async\" src=\"http:\/\/kmirandajacome.eleves.mediamatique.ch\/WORDPRESS\/wordpress\/wp-content\/uploads\/2023\/03\/moto-avant-modif.png\" data-label=\"Avant\" alt=\"moto avant-modif\" data-no-lazy=\"1\"><br \/>\n\t\t<img decoding=\"async\" src=\"http:\/\/kmirandajacome.eleves.mediamatique.ch\/WORDPRESS\/wordpress\/wp-content\/uploads\/2023\/03\/moto-apre\u0300s-modif-1.png\" data-label=\"Apr\u00e8s\" alt=\"moto apre\u0300s-modif\" data-no-lazy=\"1\"><br \/>\n\t\t<a data-text=\"Go\" href=\"http:\/\/kmirandajacome.eleves.mediamatique.ch\/WORDPRESS\/wordpress\/prestations\/#services\"><br \/>\n\t\t\t\t\t\t\t\t\tEn savoir plus<br \/>\n\t\t\t\t\t\t\t\t\t<svg viewBox=\"0 0 512 512\" xmlns=\"http:\/\/www.w3.org\/2000\/svg\"><path d=\"M499.99 176h-59.87l-16.64-41.6C406.38 91.63 365.57 64 319.5 64h-127c-46.06 0-86.88 27.63-103.99 70.4L71.87 176H12.01C4.2 176-1.53 183.34.37 190.91l6 24C7.7 220.25 12.5 224 18.01 224h20.07C24.65 235.73 16 252.78 16 272v48c0 16.12 6.16 30.67 16 41.93V416c0 17.67 14.33 32 32 32h32c17.67 0 32-14.33 32-32v-32h256v32c0 17.67 14.33 32 32 32h32c17.67 0 32-14.33 32-32v-54.07c9.84-11.25 16-25.8 16-41.93v-48c0-19.22-8.65-36.27-22.07-48H494c5.51 0 10.31-3.75 11.64-9.09l6-24c1.89-7.57-3.84-14.91-11.65-14.91zm-352.06-17.83c7.29-18.22 24.94-30.17 44.57-30.17h127c19.63 0 37.28 11.95 44.57 30.17L384 208H128l19.93-49.83zM96 319.8c-19.2 0-32-12.76-32-31.9S76.8 256 96 256s48 28.71 48 47.85-28.8 15.95-48 15.95zm320 0c-19.2 0-48 3.19-48-15.95S396.8 256 416 256s32 12.76 32 31.9-12.8 31.9-32 31.9z\"><\/path><\/svg><br \/>\n\t\t<\/a><\/p>\n<h2>POrtfolio<\/h2>\n<p>\t\t\t\tNos <br \/>Voitures<br \/>\n\t\t\t\t\t\tde service<br \/>\n\t\t\t\tNos  <br \/>Remorques<br \/>\n\t\t\t\t\t\tlors de d\u00e9pannage<br \/>\n\t\t\t\tNotre <br \/>Garage<br \/>\n\t\t\t\t\t\tpour vous servir<br \/>\n\t\t\t\tNotre<br \/>atelier<br \/>\n\t\t\t\t\t\tpour redonner vie \u00e0 votre v\u00e9hicule<br \/>\n\t\t\t\tNotre \u00e9quipe<br \/>est l\u00e0<br \/>\n\t\t\t\t\t\tpour les d\u00e9pannages difficiles<br \/>\n\t\t\t\tVotre <br \/>S\u00e9curit\u00e9<br \/>\n\t\t\t\t\t\tavant tout<br \/>\n\t\t\t\tToujours <br \/>au bon endroit<br \/>\n\t\t\t\t\t\tpour vous aider<br \/>\n\t\t\t\tSoyez <br \/>rassur\u00e9s<br \/>\n\t\t\t\t\t\tnous nous en chargeons\t\t\t\t\t<\/p>\n<p>Nos partenaires<\/p>\n<h2>Ils nous font confiance<\/h2>\n<h2>L&#8217;avis de nos clients<\/h2>\n<p>\t\t\t\t\t\t&#8220;Je suis tr\u00e8s satisfait des services offerts. Le personnel \u00e9tait comp\u00e9tent et courtois. Merci beaucoup !&#8221;<br \/>\n\t\t\t\t\t\t<img decoding=\"async\" src=\"http:\/\/kmirandajacome.eleves.mediamatique.ch\/WORDPRESS\/wordpress\/wp-content\/uploads\/2023\/03\/avatar-white.png\" alt=\"Pierre Lefebvre\"><br \/>\n\t\t\t\t\t\t\t\t<cite>Pierre Lefebvre<\/cite><br \/>\n\t\t\t\t\t\t&#8220;J&#8217;ai \u00e9t\u00e9 impressionn\u00e9 par le professionnalisme. Ils ont pris le temps de bien expliquer les r\u00e9parations n\u00e9cessaires et ont effectu\u00e9 le travail rapidement. Je recommande ce garage sans h\u00e9sitation.&#8221;<br \/>\n\t\t\t\t\t\t<img decoding=\"async\" src=\"http:\/\/kmirandajacome.eleves.mediamatique.ch\/WORDPRESS\/wordpress\/wp-content\/uploads\/2023\/03\/woman-white.png\" alt=\"Catherine Dubois\"><br \/>\n\t\t\t\t\t\t\t\t<cite>Catherine Dubois<\/cite><br \/>\n\t\t\t\t\t\t&#8220;Leur travail est impeccable et leur service \u00e0 la client\u00e8le est exceptionnel. Je suis un client fid\u00e8le depuis des ann\u00e9es et je continuerai \u00e0 faire affaire avec eux.&#8221;<br \/>\n\t\t\t\t\t\t<img decoding=\"async\" src=\"http:\/\/kmirandajacome.eleves.mediamatique.ch\/WORDPRESS\/wordpress\/wp-content\/uploads\/2023\/03\/avatar-white.png\" alt=\"Marc Tremblay\"><br \/>\n\t\t\t\t\t\t\t\t<cite>Marc Tremblay<\/cite><br \/>\n\t\t\t\t\t\t\t<svg aria-hidden=\"true\" viewBox=\"0 0 1000 1000\" xmlns=\"http:\/\/www.w3.org\/2000\/svg\"><path d=\"M646 125C629 125 613 133 604 142L308 442C296 454 292 471 292 487 292 504 296 521 308 533L604 854C617 867 629 875 646 875 663 875 679 871 692 858 704 846 713 829 713 812 713 796 708 779 692 767L438 487 692 225C700 217 708 204 708 187 708 171 704 154 692 142 675 129 663 125 646 125Z\"><\/path><\/svg>\t\t\t\t\t\t\tPr\u00e9c\u00e9dent<br \/>\n\t\t\t\t\t\t\t<svg aria-hidden=\"true\" viewBox=\"0 0 1000 1000\" xmlns=\"http:\/\/www.w3.org\/2000\/svg\"><path d=\"M696 533C708 521 713 504 713 487 713 471 708 454 696 446L400 146C388 133 375 125 354 125 338 125 325 129 313 142 300 154 292 171 292 187 292 204 296 221 308 233L563 492 304 771C292 783 288 800 288 817 288 833 296 850 308 863 321 871 338 875 354 875 371 875 388 867 400 854L696 533Z\"><\/path><\/svg>\t\t\t\t\t\t\tSuivant<\/p>\n<h2>Nous contacter<\/h2>\n<form enctype=\"multipart\/form-data\" method=\"post\" id=\"form_contact\"  data-token=\"02a59522b15069b3b87fb9c9d9f94125\" data-token=\"02a59522b15069b3b87fb9c9d9f94125\" data-token=\"02a59522b15069b3b87fb9c9d9f94125\">\n<fieldset>\n<legend>contact<\/legend>\n<p><input type=\"hidden\" name=\"frm_action\" value=\"create\" \/><br \/>\n<input type=\"hidden\" name=\"form_id\" value=\"2\" \/><br \/>\n<input type=\"hidden\" name=\"frm_hide_fields_2\" id=\"frm_hide_fields_2\" value=\"\" \/><br \/>\n<input type=\"hidden\" name=\"form_key\" value=\"contact\" \/><br \/>\n<input type=\"hidden\" name=\"item_meta[0]\" value=\"\" \/><br \/>\n<input type=\"hidden\" id=\"frm_submit_entry_2\" name=\"frm_submit_entry_2\" value=\"f37e48311a\" \/><input type=\"hidden\" name=\"_wp_http_referer\" value=\"\/WORDPRESS\/wordpress\/wp-admin\/admin-ajax.php\" \/><br \/>\n    <label for=\"field_jd1zg\" id=\"field_jd1zg_label\">Nom<br \/>\n        *<br \/>\n    <\/label><br \/>\n    <input type=\"text\" id=\"field_jd1zg\" name=\"item_meta[6]\" value=\"\"  placeholder=\"Nom\" data-reqmsg=\"Ce champ ne peut pas \u00eatre vide\" aria-required=\"true\" data-invmsg=\"texte est non valide\" aria-invalid=\"false\"  \/><br \/>\n    <label for=\"field_l0g57\" id=\"field_l0g57_label\">Email<br \/>\n        *<br \/>\n    <\/label><br \/>\n    <input type=\"text\" id=\"field_l0g57\" name=\"item_meta[7]\" value=\"\"  placeholder=\"Email\" data-reqmsg=\"Ce champ ne peut pas \u00eatre vide\" aria-required=\"true\" data-invmsg=\"texte est non valide\" aria-invalid=\"false\"  \/><br \/>\n    <label for=\"field_uojq4\" id=\"field_uojq4_label\">T\u00e9l\u00e9phone<br \/>\n        *<br \/>\n    <\/label><br \/>\n    <input type=\"text\" id=\"field_uojq4\" name=\"item_meta[12]\" value=\"\"  data-reqmsg=\"Ce champ ne peut pas \u00eatre vide\" aria-required=\"true\" data-invmsg=\"texte est non valide\" aria-invalid=\"false\"  \/><br \/>\n    <label for=\"field_k022d\" id=\"field_k022d_label\">Message<br \/>\n    <\/label><br \/>\n    <textarea name=\"item_meta[11]\" id=\"field_k022d\"  data-frmval=\"Bonjour...\" data-invmsg=\"Message est non valide\" aria-invalid=\"false\"  >Bonjour&#8230;<\/textarea><br \/>\n    <label for=\"g-recaptcha-response\" id=\"field_6escd_label\">Captcha<br \/>\n    <\/label><br \/>\n\t<input type=\"hidden\" name=\"item_key\" value=\"\" \/><br \/>\n\t\t\t\t<label for=\"frm_email_2\"><br \/>\n\t\t\t\t\tSi vous \u00eates un humain, ne remplissez pas ce champ.\t\t\t\t<\/label><br \/>\n\t\t\t\t<input type=\"text\" id=\"frm_email_2\" name=\"frm_verify\" value=\"\"  \/><br \/>\n<button type=\"submit\"  >Envoyer<\/button><br \/>\n<\/fieldset>\n<\/form>\n<p>\t\t\t<iframe loading=\"lazy\"\n\t\t\t\t\tsrc=\"https:\/\/maps.google.com\/maps?q=Av%20des%20Alpes%2017%2C%201450%20Sainte-Croix&#038;t=m&#038;z=15&#038;output=embed&#038;iwloc=near\"\n\t\t\t\t\ttitle=\"Av des Alpes 17, 1450 Sainte-Croix\"\n\t\t\t\t\taria-label=\"Av des Alpes 17, 1450 Sainte-Croix\"\n\t\t\t><\/iframe><br \/>\n\t\t\t\t<a href=\"https:\/\/goo.gl\/maps\/W6aeMTFVFNucVLvd9\" target=\"_blank\" rel=\"noopener\"><br \/>\n\t\t\t\t<svg aria-hidden=\"true\" viewBox=\"0 0 384 512\" xmlns=\"http:\/\/www.w3.org\/2000\/svg\"><path d=\"M172.268 501.67C26.97 291.031 0 269.413 0 192 0 85.961 85.961 0 192 0s192 85.961 192 192c0 77.413-26.97 99.031-172.268 309.67-9.535 13.774-29.93 13.773-39.464 0zM192 272c44.183 0 80-35.817 80-80s-35.817-80-80-80-80 35.817-80 80 35.817 80 80 80z\"><\/path><\/svg>\t\t\t\t<\/a><br \/>\n\t\t\t\t\t<a href=\"https:\/\/goo.gl\/maps\/W6aeMTFVFNucVLvd9\" target=\"_blank\" rel=\"noopener\"><br \/>\n\t\t\t\t\t\tCarrosserie &#038; Secours Routier\t\t\t\t\t<\/a><\/p>\n<p>\n\t\t\t\t\t\tBuchli S\u00e0rl<br \/>\nAv des Alpes 17<br \/>\n1450 Sainte-Croix\t\t\t\t\t<\/p>\n<p>\t\t\t\t<svg aria-hidden=\"true\" viewBox=\"0 0 512 512\" xmlns=\"http:\/\/www.w3.org\/2000\/svg\"><path d=\"M493.4 24.6l-104-24c-11.3-2.6-22.9 3.3-27.5 13.9l-48 112c-4.2 9.8-1.4 21.3 6.9 28l60.6 49.6c-36 76.7-98.9 140.5-177.2 177.2l-49.6-60.6c-6.8-8.3-18.2-11.1-28-6.9l-112 48C3.9 366.5-2 378.1.6 389.4l24 104C27.1 504.2 36.7 512 48 512c256.1 0 464-207.5 464-464 0-11.2-7.7-20.9-18.6-23.4z\"><\/path><\/svg>\t\t\t\t<\/p>\n<p><p>T\u00e9l : <a href=\"tel:0244543475\">024 454 34 75<\/a><br \/>\nFax : 024 454 48 48<\/p>\n<\/p>\n<p>\t\t\t\t<svg aria-hidden=\"true\" viewBox=\"0 0 512 512\" xmlns=\"http:\/\/www.w3.org\/2000\/svg\"><path d=\"M502.3 190.8c3.9-3.1 9.7-.2 9.7 4.7V400c0 26.5-21.5 48-48 48H48c-26.5 0-48-21.5-48-48V195.6c0-5 5.7-7.8 9.7-4.7 22.4 17.4 52.1 39.5 154.1 113.6 21.1 15.4 56.7 47.8 92.2 47.6 35.7.3 72-32.8 92.3-47.6 102-74.1 131.6-96.3 154-113.7zM256 320c23.2.4 56.6-29.2 73.4-41.4 132.7-96.3 142.8-104.7 173.4-128.7 5.8-4.5 9.2-11.5 9.2-18.9v-19c0-26.5-21.5-48-48-48H48C21.5 64 0 85.5 0 112v19c0 7.4 3.4 14.3 9.2 18.9 30.6 23.9 40.7 32.4 173.4 128.7 16.8 12.2 50.2 41.8 73.4 41.4z\"><\/path><\/svg>\t\t\t\t<\/p>\n<p><p><a href=\"mailto:info@carrosserie-buchli.ch\">info@carrosserie-buchli.ch<\/a><\/p><\/p>\n","protected":false},"excerpt":{"rendered":"<p>Carrosserie Buchli\u00e0 Sainte-Croix votre partenaire qualit\u00e9, d\u00e9pannage 24\/7 Carrosserie Buchli une affaire familiale L\u2019entreprise est \u00e0 votre service depuis 1961 au c\u0153ur de Sainte-Croix depuis 3 g\u00e9n\u00e9rations , sur le Balcon du jura . Fond\u00e9e par Michel Buchli et reprise par son fils Jean-Michel en 1993 , c\u2019est au tour de Mathieu Buchli de reprendre [&hellip;]<\/p>\n","protected":false},"author":1,"featured_media":0,"parent":0,"menu_order":0,"comment_status":"closed","ping_status":"open","template":"","meta":{"inline_featured_image":false,"footnotes":""},"yoast_head":"<!-- This site is optimized with the Yoast SEO plugin v21.0 - https:\/\/yoast.com\/wordpress\/plugins\/seo\/ -->\n<title>Home - Amadeo Miranda<\/title>\n<meta name=\"robots\" content=\"index, follow, max-snippet:-1, max-image-preview:large, max-video-preview:-1\" \/>\n<link rel=\"canonical\" href=\"https:\/\/kmirandajacome.eleves.mediamatique.ch\/WORDPRESS\/wordpress\/\" \/>\n<meta property=\"og:locale\" content=\"fr_FR\" \/>\n<meta property=\"og:type\" content=\"article\" \/>\n<meta property=\"og:title\" content=\"Home - Amadeo Miranda\" \/>\n<meta property=\"og:description\" content=\"Carrosserie Buchli\u00e0 Sainte-Croix votre partenaire qualit\u00e9, d\u00e9pannage 24\/7 Carrosserie Buchli une affaire familiale L\u2019entreprise est \u00e0 votre service depuis 1961 au c\u0153ur de Sainte-Croix depuis 3 g\u00e9n\u00e9rations , sur le Balcon du jura . Fond\u00e9e par Michel Buchli et reprise par son fils Jean-Michel en 1993 , c\u2019est au tour de Mathieu Buchli de reprendre [&hellip;]\" \/>\n<meta property=\"og:url\" content=\"https:\/\/kmirandajacome.eleves.mediamatique.ch\/WORDPRESS\/wordpress\/\" \/>\n<meta property=\"og:site_name\" content=\"Amadeo Miranda\" \/>\n<meta property=\"article:modified_time\" content=\"2023-03-17T14:14:11+00:00\" \/>\n<meta property=\"og:image\" content=\"http:\/\/kmirandajacome.eleves.mediamatique.ch\/WORDPRESS\/wordpress\/wp-content\/uploads\/2023\/03\/moto-avant-modif.png\" \/>\n<meta name=\"twitter:card\" content=\"summary_large_image\" \/>\n<meta name=\"twitter:label1\" content=\"Dur\u00e9e de lecture estim\u00e9e\" \/>\n\t<meta name=\"twitter:data1\" content=\"4 minutes\" \/>\n<script type=\"application\/ld+json\" class=\"yoast-schema-graph\">{\"@context\":\"https:\/\/schema.org\",\"@graph\":[{\"@type\":\"WebPage\",\"@id\":\"https:\/\/kmirandajacome.eleves.mediamatique.ch\/WORDPRESS\/wordpress\/\",\"url\":\"https:\/\/kmirandajacome.eleves.mediamatique.ch\/WORDPRESS\/wordpress\/\",\"name\":\"Home - Amadeo Miranda\",\"isPartOf\":{\"@id\":\"https:\/\/kmirandajacome.eleves.mediamatique.ch\/WORDPRESS\/wordpress\/#website\"},\"datePublished\":\"2015-03-19T17:58:30+00:00\",\"dateModified\":\"2023-03-17T14:14:11+00:00\",\"breadcrumb\":{\"@id\":\"https:\/\/kmirandajacome.eleves.mediamatique.ch\/WORDPRESS\/wordpress\/#breadcrumb\"},\"inLanguage\":\"fr-FR\",\"potentialAction\":[{\"@type\":\"ReadAction\",\"target\":[\"https:\/\/kmirandajacome.eleves.mediamatique.ch\/WORDPRESS\/wordpress\/\"]}]},{\"@type\":\"BreadcrumbList\",\"@id\":\"https:\/\/kmirandajacome.eleves.mediamatique.ch\/WORDPRESS\/wordpress\/#breadcrumb\",\"itemListElement\":[{\"@type\":\"ListItem\",\"position\":1,\"name\":\"Accueil\",\"item\":\"https:\/\/kmirandajacome.eleves.mediamatique.ch\/WORDPRESS\/wordpress\/\"},{\"@type\":\"ListItem\",\"position\":2,\"name\":\"Home\"}]},{\"@type\":\"WebSite\",\"@id\":\"https:\/\/kmirandajacome.eleves.mediamatique.ch\/WORDPRESS\/wordpress\/#website\",\"url\":\"https:\/\/kmirandajacome.eleves.mediamatique.ch\/WORDPRESS\/wordpress\/\",\"name\":\"Amadeo Miranda\",\"description\":\"E-Portfolio\",\"publisher\":{\"@id\":\"https:\/\/kmirandajacome.eleves.mediamatique.ch\/WORDPRESS\/wordpress\/#organization\"},\"potentialAction\":[{\"@type\":\"SearchAction\",\"target\":{\"@type\":\"EntryPoint\",\"urlTemplate\":\"https:\/\/kmirandajacome.eleves.mediamatique.ch\/WORDPRESS\/wordpress\/?s={search_term_string}\"},\"query-input\":\"required name=search_term_string\"}],\"inLanguage\":\"fr-FR\"},{\"@type\":\"Organization\",\"@id\":\"https:\/\/kmirandajacome.eleves.mediamatique.ch\/WORDPRESS\/wordpress\/#organization\",\"name\":\"Amadeo Miranda\",\"url\":\"https:\/\/kmirandajacome.eleves.mediamatique.ch\/WORDPRESS\/wordpress\/\",\"logo\":{\"@type\":\"ImageObject\",\"inLanguage\":\"fr-FR\",\"@id\":\"https:\/\/kmirandajacome.eleves.mediamatique.ch\/WORDPRESS\/wordpress\/#\/schema\/logo\/image\/\",\"url\":\"https:\/\/kmirandajacome.eleves.mediamatique.ch\/WORDPRESS\/wordpress\/wp-content\/uploads\/2022\/04\/coach-logo.png\",\"contentUrl\":\"https:\/\/kmirandajacome.eleves.mediamatique.ch\/WORDPRESS\/wordpress\/wp-content\/uploads\/2022\/04\/coach-logo.png\",\"width\":300,\"height\":71,\"caption\":\"Amadeo Miranda\"},\"image\":{\"@id\":\"https:\/\/kmirandajacome.eleves.mediamatique.ch\/WORDPRESS\/wordpress\/#\/schema\/logo\/image\/\"}}]}<\/script>\n<!-- \/ Yoast SEO plugin. -->","yoast_head_json":{"title":"Home - Amadeo Miranda","robots":{"index":"index","follow":"follow","max-snippet":"max-snippet:-1","max-image-preview":"max-image-preview:large","max-video-preview":"max-video-preview:-1"},"canonical":"https:\/\/kmirandajacome.eleves.mediamatique.ch\/WORDPRESS\/wordpress\/","og_locale":"fr_FR","og_type":"article","og_title":"Home - Amadeo Miranda","og_description":"Carrosserie Buchli\u00e0 Sainte-Croix votre partenaire qualit\u00e9, d\u00e9pannage 24\/7 Carrosserie Buchli une affaire familiale L\u2019entreprise est \u00e0 votre service depuis 1961 au c\u0153ur de Sainte-Croix depuis 3 g\u00e9n\u00e9rations , sur le Balcon du jura . Fond\u00e9e par Michel Buchli et reprise par son fils Jean-Michel en 1993 , c\u2019est au tour de Mathieu Buchli de reprendre [&hellip;]","og_url":"https:\/\/kmirandajacome.eleves.mediamatique.ch\/WORDPRESS\/wordpress\/","og_site_name":"Amadeo Miranda","article_modified_time":"2023-03-17T14:14:11+00:00","og_image":[{"url":"http:\/\/kmirandajacome.eleves.mediamatique.ch\/WORDPRESS\/wordpress\/wp-content\/uploads\/2023\/03\/moto-avant-modif.png"}],"twitter_card":"summary_large_image","twitter_misc":{"Dur\u00e9e de lecture estim\u00e9e":"4 minutes"},"schema":{"@context":"https:\/\/schema.org","@graph":[{"@type":"WebPage","@id":"https:\/\/kmirandajacome.eleves.mediamatique.ch\/WORDPRESS\/wordpress\/","url":"https:\/\/kmirandajacome.eleves.mediamatique.ch\/WORDPRESS\/wordpress\/","name":"Home - Amadeo Miranda","isPartOf":{"@id":"https:\/\/kmirandajacome.eleves.mediamatique.ch\/WORDPRESS\/wordpress\/#website"},"datePublished":"2015-03-19T17:58:30+00:00","dateModified":"2023-03-17T14:14:11+00:00","breadcrumb":{"@id":"https:\/\/kmirandajacome.eleves.mediamatique.ch\/WORDPRESS\/wordpress\/#breadcrumb"},"inLanguage":"fr-FR","potentialAction":[{"@type":"ReadAction","target":["https:\/\/kmirandajacome.eleves.mediamatique.ch\/WORDPRESS\/wordpress\/"]}]},{"@type":"BreadcrumbList","@id":"https:\/\/kmirandajacome.eleves.mediamatique.ch\/WORDPRESS\/wordpress\/#breadcrumb","itemListElement":[{"@type":"ListItem","position":1,"name":"Accueil","item":"https:\/\/kmirandajacome.eleves.mediamatique.ch\/WORDPRESS\/wordpress\/"},{"@type":"ListItem","position":2,"name":"Home"}]},{"@type":"WebSite","@id":"https:\/\/kmirandajacome.eleves.mediamatique.ch\/WORDPRESS\/wordpress\/#website","url":"https:\/\/kmirandajacome.eleves.mediamatique.ch\/WORDPRESS\/wordpress\/","name":"Amadeo Miranda","description":"E-Portfolio","publisher":{"@id":"https:\/\/kmirandajacome.eleves.mediamatique.ch\/WORDPRESS\/wordpress\/#organization"},"potentialAction":[{"@type":"SearchAction","target":{"@type":"EntryPoint","urlTemplate":"https:\/\/kmirandajacome.eleves.mediamatique.ch\/WORDPRESS\/wordpress\/?s={search_term_string}"},"query-input":"required name=search_term_string"}],"inLanguage":"fr-FR"},{"@type":"Organization","@id":"https:\/\/kmirandajacome.eleves.mediamatique.ch\/WORDPRESS\/wordpress\/#organization","name":"Amadeo Miranda","url":"https:\/\/kmirandajacome.eleves.mediamatique.ch\/WORDPRESS\/wordpress\/","logo":{"@type":"ImageObject","inLanguage":"fr-FR","@id":"https:\/\/kmirandajacome.eleves.mediamatique.ch\/WORDPRESS\/wordpress\/#\/schema\/logo\/image\/","url":"https:\/\/kmirandajacome.eleves.mediamatique.ch\/WORDPRESS\/wordpress\/wp-content\/uploads\/2022\/04\/coach-logo.png","contentUrl":"https:\/\/kmirandajacome.eleves.mediamatique.ch\/WORDPRESS\/wordpress\/wp-content\/uploads\/2022\/04\/coach-logo.png","width":300,"height":71,"caption":"Amadeo Miranda"},"image":{"@id":"https:\/\/kmirandajacome.eleves.mediamatique.ch\/WORDPRESS\/wordpress\/#\/schema\/logo\/image\/"}}]}},"_links":{"self":[{"href":"https:\/\/kmirandajacome.eleves.mediamatique.ch\/WORDPRESS\/wordpress\/wp-json\/wp\/v2\/pages\/349"}],"collection":[{"href":"https:\/\/kmirandajacome.eleves.mediamatique.ch\/WORDPRESS\/wordpress\/wp-json\/wp\/v2\/pages"}],"about":[{"href":"https:\/\/kmirandajacome.eleves.mediamatique.ch\/WORDPRESS\/wordpress\/wp-json\/wp\/v2\/types\/page"}],"author":[{"embeddable":true,"href":"https:\/\/kmirandajacome.eleves.mediamatique.ch\/WORDPRESS\/wordpress\/wp-json\/wp\/v2\/users\/1"}],"replies":[{"embeddable":true,"href":"https:\/\/kmirandajacome.eleves.mediamatique.ch\/WORDPRESS\/wordpress\/wp-json\/wp\/v2\/comments?post=349"}],"version-history":[{"count":433,"href":"https:\/\/kmirandajacome.eleves.mediamatique.ch\/WORDPRESS\/wordpress\/wp-json\/wp\/v2\/pages\/349\/revisions"}],"predecessor-version":[{"id":2490,"href":"https:\/\/kmirandajacome.eleves.mediamatique.ch\/WORDPRESS\/wordpress\/wp-json\/wp\/v2\/pages\/349\/revisions\/2490"}],"wp:attachment":[{"href":"https:\/\/kmirandajacome.eleves.mediamatique.ch\/WORDPRESS\/wordpress\/wp-json\/wp\/v2\/media?parent=349"}],"curies":[{"name":"wp","href":"https:\/\/api.w.org\/{rel}","templated":true}]}}